{"id":51,"date":"2020-04-08T19:53:57","date_gmt":"2020-04-08T19:53:57","guid":{"rendered":"http:\/\/abcbroker.eu\/?page_id=51"},"modified":"2020-04-11T13:12:20","modified_gmt":"2020-04-11T13:12:20","slug":"ubezpieczenia-osobowe","status":"publish","type":"page","link":"https:\/\/abcbroker.eu\/index.php\/ubezpieczenia-osobowe\/","title":{"rendered":"Ubezpieczenia osobowe"},"content":{"rendered":"\n<p>W wielu krajach ubezpieczenia na \u017cycie ciesz\u0105 si\u0119 ogromn\u0105 popularno\u015bci\u0105. Wynika to ze \u015bwiadomo\u015bci, \u017ce zdrowie i \u017cycie to najwa\u017cniejsze co mamy i trzeba to dobrze zabezpieczy\u0107.  W Polsce, niestety widzimy nieco inn\u0105 tendencj\u0119. Wci\u0105\u017c cz\u0119sto wolimy bardziej wykupi\u0107 Autocasco na samoch\u00f3d, ni\u017c polis\u0119 na \u017cycie. W codziennej pracy staramy si\u0119 wskaza\u0107 klientom potrzeb\u0119 ochrony tego co najcenniejsze.<\/p>\n\n\n\n<p>Proponujemy klientom wykupienie ochrony w kilku g\u0142\u00f3wnych liniach produktowych:<\/p>\n\n\n\n<ol><li>Ubezpieczenie nast\u0119pstw nieszcz\u0119\u015bliwych wypadk\u00f3w<\/li><li>Ubezpieczenie koszt\u00f3w leczenia za granic\u0105<\/li><li>Ubezpieczenie indywidualne na \u017cycie<\/li><li>Ubezpieczenie grupowe w zak\u0142adach pracy<\/li><li>Ubezpieczenie utraty dochodu w nast\u0119pstwie choroby lub nieszcz\u0119\u015bliwego wypadku<\/li><li>Ubezpieczenie prywatnej opieki medycznej<\/li><\/ol>\n\n\n\n<p>&#8230; cho\u0107 ubezpieczenie np. n\u00f3g pi\u0142karza r\u00f3wnie\u017c nie jest nam obce \ud83d\ude42<\/p>\n","protected":false},"excerpt":{"rendered":"<p>W wielu krajach ubezpieczenia na \u017cycie ciesz\u0105 si\u0119 ogromn\u0105 popularno\u015bci\u0105. Wynika to ze \u015bwiadomo\u015bci, \u017ce zdrowie i \u017cycie to najwa\u017cniejsze co mamy i trzeba to dobrze zabezpieczy\u0107. W Polsce, niestety widzimy nieco inn\u0105 tendencj\u0119. Wci\u0105\u017c cz\u0119sto wolimy bardziej wykupi\u0107 Autocasco na samoch\u00f3d, ni\u017c polis\u0119 na \u017cycie. W codziennej pracy staramy si\u0119 wskaza\u0107 klientom potrzeb\u0119 ochrony<\/p>\n<div><a class=\"btn-filled btn\" href=\"https:\/\/abcbroker.eu\/index.php\/ubezpieczenia-osobowe\/\" title=\"Ubezpieczenia osobowe\">Read More<\/a><\/div>\n","protected":false},"author":1,"featured_media":113,"parent":0,"menu_order":0,"comment_status":"closed","ping_status":"closed","template":"","meta":{"footnotes":""},"jetpack_sharing_enabled":true,"_links":{"self":[{"href":"https:\/\/abcbroker.eu\/index.php\/wp-json\/wp\/v2\/pages\/51"}],"collection":[{"href":"https:\/\/abcbroker.eu\/index.php\/wp-json\/wp\/v2\/pages"}],"about":[{"href":"https:\/\/abcbroker.eu\/index.php\/wp-json\/wp\/v2\/types\/page"}],"author":[{"embeddable":true,"href":"https:\/\/abcbroker.eu\/index.php\/wp-json\/wp\/v2\/users\/1"}],"replies":[{"embeddable":true,"href":"https:\/\/abcbroker.eu\/index.php\/wp-json\/wp\/v2\/comments?post=51"}],"version-history":[{"count":3,"href":"https:\/\/abcbroker.eu\/index.php\/wp-json\/wp\/v2\/pages\/51\/revisions"}],"predecessor-version":[{"id":127,"href":"https:\/\/abcbroker.eu\/index.php\/wp-json\/wp\/v2\/pages\/51\/revisions\/127"}],"wp:featuredmedia":[{"embeddable":true,"href":"https:\/\/abcbroker.eu\/index.php\/wp-json\/wp\/v2\/media\/113"}],"wp:attachment":[{"href":"https:\/\/abcbroker.eu\/index.php\/wp-json\/wp\/v2\/media?parent=51"}],"curies":[{"name":"wp","href":"https:\/\/api.w.org\/{rel}","templated":true}]}}